{"id":2,"date":"2018-01-19T13:15:41","date_gmt":"2018-01-19T13:15:41","guid":{"rendered":"http:\/\/staging.bottenvikensskargard.se\/?page_id=2"},"modified":"2026-03-17T16:47:06","modified_gmt":"2026-03-17T15:47:06","slug":"sample-page","status":"publish","type":"page","link":"https:\/\/www.bottenvikensskargard.se\/en\/","title":{"rendered":"Home"},"content":{"rendered":"<h2 class=\"wp-block-heading has-text-align-left\">Inter-municipal cooperation for those who live, visit and work at the coast and in the archipelago<\/h2>\n\n\n\n<p>The coast and archipelago of the Bothinan Bay is fantastic! <\/p>\n\n\n\n<p>The Bothnian Bay coastal inter-municipal cooperation is a collaboration that extends across both municipal and county boundaries and includes Haparanda, Kalix, Lule\u00e5, Pite\u00e5 and Skellefte\u00e5 municipalities. The collaboration was initiated by the County Administrative Board of Norrbotten, which together with the five municipalities, Region V\u00e4sterbotten and Swedish Lapland laid the foundation for a development of the area.<\/p>\n\n\n\n<div class=\"wp-block-file\"><a id=\"wp-block-file--media-6eddad9d-b68e-4f8c-b42b-9f04e61d7ebb\" href=\"https:\/\/www.bottenvikensskargard.se\/wp-content\/uploads\/2021\/06\/Karta-Bottenvikens-skargard_webb-1.pdf\" target=\"_blank\" rel=\"noreferrer noopener\"><em>A map covering the Bothnian Bay inter-municipal cooperation area.<\/em><\/a><\/div>\n\n\n\n<p>Based on common municipal resources and goals, we develop the coast and archipelago in aim to create opportunities for outdoor life and unique experiences. Working together creates many synergy effects and coordination gains. To date <a rel=\"noreferrer noopener\" href=\"https:\/\/www.bottenvikensskargard.se\/wp-content\/uploads\/2020\/12\/BVS-Sammanstallning-och-utvardering-BVS-2006-2019-tillganglig.pdf\" target=\"_blank\">completed work during 2006-2019 has been described in a report<\/a>.<\/p>\n\n\n\n<p>Since 2014, the collaboration has been organized on the basis of a collaboration agreement between the municipalities. A common strategy is the starting point for the work where the first strategy was adopted in 2008 and revised in 2014. Since 2021, the work is based on a strategy that applies until 2030.<\/p>\n\n\n\n<h3 class=\"wp-block-heading\">A strategy for coastal development 2021-2030<\/h3>\n\n\n\n<p>Strategy, <em>The Bothnian Bay archipelago 2021-2030 - inter-municipal cooperation for those who live, visit and work in the coast and archipelago<\/em>, consists of a <a rel=\"noreferrer noopener\" href=\"https:\/\/www.bottenvikensskargard.se\/wp-content\/uploads\/2021\/08\/Strategidokument-Bottenvikens-skargard-2021-2030-beslutad_layout.pdf\" target=\"_blank\">strategy document<\/a> which describes vision and goals as well as a <a rel=\"noreferrer noopener\" href=\"https:\/\/www.bottenvikensskargard.se\/wp-content\/uploads\/2021\/08\/Underlagsdokument-Bottenvikens-skargard-2021-2030-beslutad_layout.pdf\" target=\"_blank\">supporting document<\/a> which goes deeper into the various issues relating to the development of the coast and archipelago of the Bothnian Bay. <\/p>\n\n\n\n<p>According to the strategy, the municipalities&#039; joint efforts in the coast and archipelago will be built on the basis of a vision of &quot;<em>an accessible and attractive coast and archipelago that is developed and used sustainably in the long term based on its unique natural and cultural values \u201d<\/em>. The vision is broken down into three focus areas: <em>Sustainable<\/em>, <em>Available <\/em>and <em>Attractive <\/em>which in turn consists of three goals each, which are the starting point for the implementation of the activities in the Bothninan Bay Coastal Inter-municipal cooperation. <\/p>\n\n\n\n<div class=\"wp-block-columns is-layout-flex wp-container-core-columns-layout-1 wp-block-columns-is-layout-flex\">\n<div class=\"wp-block-column is-layout-flow wp-block-column-is-layout-flow\">\n<figure class=\"wp-block-image size-large\"><img loading=\"lazy\" decoding=\"async\" width=\"592\" height=\"839\" src=\"https:\/\/www.bottenvikensskargard.se\/wp-content\/uploads\/2021\/11\/Skarmklipp-framsida-strategin.jpg\" alt=\"\" class=\"wp-image-949\" srcset=\"https:\/\/www.bottenvikensskargard.se\/wp-content\/uploads\/2021\/11\/Skarmklipp-framsida-strategin.jpg 592w, https:\/\/www.bottenvikensskargard.se\/wp-content\/uploads\/2021\/11\/Skarmklipp-framsida-strategin-212x300.jpg 212w, https:\/\/www.bottenvikensskargard.se\/wp-content\/uploads\/2021\/11\/Skarmklipp-framsida-strategin-8x12.jpg 8w\" sizes=\"(max-width: 592px) 100vw, 592px\" \/><\/figure>\n<\/div>\n\n\n\n<div class=\"wp-block-column is-layout-flow wp-block-column-is-layout-flow\">\n<figure class=\"wp-block-image size-large\"><img loading=\"lazy\" decoding=\"async\" width=\"591\" height=\"836\" src=\"https:\/\/www.bottenvikensskargard.se\/wp-content\/uploads\/2021\/11\/Skarmklipp-framsida-underlagsdokumentet.jpg\" alt=\"\" class=\"wp-image-950\" srcset=\"https:\/\/www.bottenvikensskargard.se\/wp-content\/uploads\/2021\/11\/Skarmklipp-framsida-underlagsdokumentet.jpg 591w, https:\/\/www.bottenvikensskargard.se\/wp-content\/uploads\/2021\/11\/Skarmklipp-framsida-underlagsdokumentet-212x300.jpg 212w, https:\/\/www.bottenvikensskargard.se\/wp-content\/uploads\/2021\/11\/Skarmklipp-framsida-underlagsdokumentet-8x12.jpg 8w\" sizes=\"(max-width: 591px) 100vw, 591px\" \/><\/figure>\n<\/div>\n<\/div>\n\n\n\n<p>The strategy has been developed in dialogue with concerned representatives in the area and was decided on by all five municipalities during spring of 2021.<\/p>\n\n\n\n<figure class=\"wp-block-image size-large\"><img loading=\"lazy\" decoding=\"async\" width=\"1024\" height=\"98\" src=\"https:\/\/www.bottenvikensskargard.se\/wp-content\/uploads\/2023\/10\/Fem-kommunloggor-2024-1024x98.jpg\" alt=\"\" class=\"wp-image-1162\" srcset=\"https:\/\/www.bottenvikensskargard.se\/wp-content\/uploads\/2023\/10\/Fem-kommunloggor-2024-1024x98.jpg 1024w, https:\/\/www.bottenvikensskargard.se\/wp-content\/uploads\/2023\/10\/Fem-kommunloggor-2024-300x29.jpg 300w, https:\/\/www.bottenvikensskargard.se\/wp-content\/uploads\/2023\/10\/Fem-kommunloggor-2024-768x74.jpg 768w, https:\/\/www.bottenvikensskargard.se\/wp-content\/uploads\/2023\/10\/Fem-kommunloggor-2024-1536x147.jpg 1536w, https:\/\/www.bottenvikensskargard.se\/wp-content\/uploads\/2023\/10\/Fem-kommunloggor-2024-2048x196.jpg 2048w, https:\/\/www.bottenvikensskargard.se\/wp-content\/uploads\/2023\/10\/Fem-kommunloggor-2024-18x2.jpg 18w\" sizes=\"(max-width: 1024px) 100vw, 1024px\" \/><\/figure>","protected":false},"excerpt":{"rendered":"<p>Municipal collaboration for you who live, visit and work in the coast and archipelago The coast and archipelago of the Gulf of Bothnia is fantastic! The Gulf of Bothnia archipelago municipal cooperation is a collaboration that extends across both municipal and county boundaries and includes Haparanda, Kalix, Lule\u00e5, Pite\u00e5 and Skellefte\u00e5 municipalities. The collaboration was initiated by the County Administrative Board of Norrbotten, which together with the five municipalities, [\u2026]<\/p>","protected":false},"author":1,"featured_media":895,"parent":0,"menu_order":0,"comment_status":"closed","ping_status":"open","template":"","meta":{"footnotes":""},"acf":[],"_links":{"self":[{"href":"https:\/\/www.bottenvikensskargard.se\/en\/wp-json\/wp\/v2\/pages\/2"}],"collection":[{"href":"https:\/\/www.bottenvikensskargard.se\/en\/wp-json\/wp\/v2\/pages"}],"about":[{"href":"https:\/\/www.bottenvikensskargard.se\/en\/wp-json\/wp\/v2\/types\/page"}],"author":[{"embeddable":true,"href":"https:\/\/www.bottenvikensskargard.se\/en\/wp-json\/wp\/v2\/users\/1"}],"replies":[{"embeddable":true,"href":"https:\/\/www.bottenvikensskargard.se\/en\/wp-json\/wp\/v2\/comments?post=2"}],"version-history":[{"count":61,"href":"https:\/\/www.bottenvikensskargard.se\/en\/wp-json\/wp\/v2\/pages\/2\/revisions"}],"predecessor-version":[{"id":1296,"href":"https:\/\/www.bottenvikensskargard.se\/en\/wp-json\/wp\/v2\/pages\/2\/revisions\/1296"}],"wp:featuredmedia":[{"embeddable":true,"href":"https:\/\/www.bottenvikensskargard.se\/en\/wp-json\/wp\/v2\/media\/895"}],"wp:attachment":[{"href":"https:\/\/www.bottenvikensskargard.se\/en\/wp-json\/wp\/v2\/media?parent=2"}],"curies":[{"name":"wp","href":"https:\/\/api.w.org\/{rel}","templated":true}]}}