{"id":291,"date":"2019-09-09T16:16:54","date_gmt":"2019-09-09T14:16:54","guid":{"rendered":"http:\/\/staging.bottenvikensskargard.se\/?page_id=291"},"modified":"2026-04-22T15:39:30","modified_gmt":"2026-04-22T13:39:30","slug":"om-bottenvikens-skargard-kommunsamverkan","status":"publish","type":"page","link":"https:\/\/www.bottenvikensskargard.se\/en\/om-bottenvikens-skargard-kommunsamverkan\/","title":{"rendered":"Cooperation"},"content":{"rendered":"<h2 class=\"wp-block-heading\">What is the Bothnian Bay Coastal Inter-Municipal Cooperation?<\/h2>\n\n\n\n<div class=\"wp-block-file\"><a id=\"wp-block-file--media-e729bb5b-dca7-42e8-a41f-a5a201dcfb9e\" href=\"https:\/\/www.bottenvikensskargard.se\/wp-content\/uploads\/2021\/08\/Broschyr-om-BVS-2021-2030-webb.pdf\" target=\"_blank\" rel=\"noreferrer noopener\">What is the Bothnian Bay Coastal Inter-Municipal Cooperation?<br><em>A brief description of the municipalities&#039; cooperation (2 pages)<\/em><\/a><\/div>\n\n\n\n<div class=\"wp-block-file\"><a id=\"wp-block-file--media-de69cf2c-d038-4031-b234-ee8e467b9a82\" href=\"https:\/\/www.bottenvikensskargard.se\/wp-content\/uploads\/2021\/08\/Broschyr-om-BVS-2021-2030-ENG-webb.pdf\" target=\"_blank\" rel=\"noreferrer noopener\">What is the Bothnian Bay Coastal Inter-Municipal Cooperation?<br><em>A short description in English (2 pages)<\/em><\/a><\/div>\n\n\n\n<h3 class=\"wp-block-heading\">What has been done and what has been achieved?<\/h3>\n\n\n\n<div class=\"wp-block-file\"><a id=\"wp-block-file--media-f9a73f2c-9bb1-417d-b692-baa17488be35\" href=\"https:\/\/www.bottenvikensskargard.se\/wp-content\/uploads\/2022\/05\/BVS-Sammanstallning-och-utvardering-BVS-2006-2019-tillganglig.pdf\">The Bothnian Bay Coastal Inter-Municipal Cooperation 2006-2019 - what has been done and what has been achieved?<br><em>A compilation and evaluation of 15 years of municipal cooperation in the coast and archipelago (30 pages)<\/em><\/a><\/div>\n\n\n\n<div class=\"wp-block-file\"><a id=\"wp-block-file--media-d77ec084-85c0-41c5-9aa5-744fd988feed\" href=\"https:\/\/www.bottenvikensskargard.se\/wp-content\/uploads\/2020\/12\/Kort-version-Sammanstallning-och-utvardering-BVS-2006-2019-tillganglig-2.pdf\" target=\"_blank\" rel=\"noreferrer noopener\">The Bothnian Bay Coastal Inter- Municipal Cooperation 2006-2019 - the short version<br><em>A quick review of 15 years of municipal cooperation in the coast and archipelago (2 pages) (in Swedish)<\/em><\/a><\/div>\n\n\n\n<h2 class=\"wp-block-heading\">Our strategy<\/h2>\n\n\n\n<div class=\"wp-block-file\"><a id=\"wp-block-file--media-9e21c48d-f21a-4ecb-881e-4508814614d2\" href=\"https:\/\/www.bottenvikensskargard.se\/wp-content\/uploads\/2021\/08\/Strategidokument-Bottenvikens-skargard-2021-2030-beslutad_layout.pdf\" target=\"_blank\" rel=\"noreferrer noopener\">The Bothnian Bay archipelago 2021-2030 - inter-municipal cooperation for those who live, visit and work in the coast and archipelago<br><em>Strategy for joint archipelago development in the five coastal municipalities (13 pages) (in Swedish)<\/em><\/a><\/div>\n\n\n\n<div class=\"wp-block-file\"><a id=\"wp-block-file--media-336230cf-ed61-44d7-b113-2c5581977677\" href=\"https:\/\/www.bottenvikensskargard.se\/wp-content\/uploads\/2021\/08\/Underlagsdokument-Bottenvikens-skargard-2021-2030-beslutad_layout.pdf\" target=\"_blank\" rel=\"noreferrer noopener\">Background document for strategy for the Bothnian Bay Coastal Inter-Municipal cooperation<br><em>Contains a description of how the strategy and activities link to municipal, regional and national goals, a future reconnaissance and a description of the area area (35 pages) (in Swedish)<\/em><\/a><\/div>\n\n\n\n<div class=\"wp-block-file\"><a id=\"wp-block-file--media-d07ff7c3-5bee-4322-8c13-08c69e0b1f18\" href=\"https:\/\/www.bottenvikensskargard.se\/wp-content\/uploads\/2021\/08\/BVS-strategy-2021-2030-short-version-ENG-1.pdf\" target=\"_blank\" rel=\"noreferrer noopener\">The Bothnian Bay 2021-2030 - Inter-municipal cooperation for those who live, visit and work on the coast and in the archipelago<br><em>A short description in English of a strategy for joint coastal development (2 pages) (in English)<\/em><\/a><\/div>\n\n\n\n<h2 class=\"wp-block-heading\">Guides out to the archipelago<\/h2>\n\n\n\n<div class=\"wp-block-file\"><a id=\"wp-block-file--media-1d806917-8902-47b6-b598-27611eedd7a3\" href=\"https:\/\/www.bottenvikensskargard.se\/wp-content\/uploads\/2026\/04\/Bottenvikens_Skargard_SVE_WEBB.pdf\" target=\"_blank\" rel=\"noreferrer noopener\">Your guide to 100 gems in the Bothnian Bay (in Swedish)<br><em>An archipelago guide with descriptions of 100 places to visit in the coast and archipelago of the Bothnian Bay (77 pages)<\/em><\/a><\/div>\n\n\n\n<div class=\"wp-block-file\"><a id=\"wp-block-file--media-55a25eaf-c16f-422b-994d-437d0d1a297b\" href=\"https:\/\/www.bottenvikensskargard.se\/wp-content\/uploads\/2023\/05\/BVS_SVE_Vandringsleder_webb_tillganglig_final_2023.pdf\" target=\"_blank\" rel=\"noreferrer noopener\">Din guide till vandringsleder i Bottenvikens sk\u00e4rg\u00e5rd<br><em>An inspiring map guide to short and long hiking trails in the coast and archipelago (2 pages, A3) <\/em><\/a><\/div>\n\n\n\n<div class=\"wp-block-file\"><a id=\"wp-block-file--media-5a77dd24-8066-4e6a-a6f4-5ca46d0ff58f\" href=\"https:\/\/www.bottenvikensskargard.se\/wp-content\/uploads\/2020\/12\/Karta_dubbelsidig_297x42034-tillganglig.pdf\" target=\"_blank\" rel=\"noreferrer noopener\">Haparanda archipelago - part of the Bothnian Bay archipelago<br><em>An excursion map with a description of some of the destinations in the Haparanda archipelago (2 pages)<\/em><\/a><\/div>\n\n\n\n<div class=\"wp-block-file\"><a id=\"wp-block-file--media-e6dc3014-eb94-408c-9e4d-da68d5db004c\" href=\"https:\/\/www.bottenvikensskargard.se\/wp-content\/uploads\/2020\/12\/Beskrivning-av-tillganglighetsanpassade-besoksmal-i-Bottenvikens-skargard-anpassad.pdf\" target=\"_blank\" rel=\"noreferrer noopener\">Description of accessibility-adapted places to visit in the Bothnian Bay coast and archipelago<br><em>Description of places made in order (easily remedied obstacles) for people with reduced mobility (57 pages) (in Swedish)<\/em><\/a><\/div>\n\n\n\n<div class=\"wp-block-file\"><a id=\"wp-block-file--media-f509b5b1-b901-43ac-8ac6-802a9cdecd56\" href=\"https:\/\/www.bottenvikensskargard.se\/wp-content\/uploads\/2025\/06\/Turbatar-och-boende-pa-oarna-i-Bottenvikens-skargard-2025.pdf\">Ta turb\u00e5ten ut i Bottenvikens sk\u00e4rg\u00e5rd!<br><em>Description of where tour boats go and where to find accommodation on the islands. Valid for summer 2025 (12 pages)<\/em><\/a><\/div>\n\n\n\n<div class=\"wp-block-file\"><a id=\"wp-block-file--media-f83b1e0c-39bb-4d4a-a482-3a0aa37032cf\" href=\"https:\/\/www.bottenvikensskargard.se\/wp-content\/uploads\/2025\/12\/Upplev-vintern-i-Bottenvikens-skargard-2026-web.pdf\" target=\"_blank\" rel=\"noreferrer noopener\">Experience winter in the Bothnian archipelago<em><br>Description of ski trails, ice rinks, saunas, winter swimming and more on the coast and archipelago of the Bothnian Bay (20 pages)<\/em><\/a><\/div>\n\n\n\n<h2 class=\"wp-block-heading\">Guides in English \u2013 Discover the Bothnian Bay<\/h2>\n\n\n\n<div class=\"wp-block-file\"><a id=\"wp-block-file--media-80d53245-51a6-4e4c-a7a4-ee4d494e1449\" href=\"https:\/\/www.bottenvikensskargard.se\/wp-content\/uploads\/2026\/04\/Bottenvikens_Skargard_ENG_WEBB.pdf\" target=\"_blank\" rel=\"noreferrer noopener\">Your guide to 100 gems in the Bothnian Bay (in English)<br><em>A guide to the coast and islands in the Bothnian bay (77 pages)<\/em><\/a><\/div>\n\n\n\n<div class=\"wp-block-file\"><a id=\"wp-block-file--media-5b4300fa-3ee8-4b1d-9b95-bf88bd4a18bf\" href=\"https:\/\/www.bottenvikensskargard.se\/wp-content\/uploads\/2023\/05\/BVS_ENG_Vandringsleder_webb_final_2023.pdf\" target=\"_blank\" rel=\"noreferrer noopener\">Your guide to walking trails in the Bothnian Bay<br><em>An inspiring map guide to short and long hiking trails in the coast and archipelago (2 pages, A3)<\/em><\/a><\/div>\n\n\n\n<div class=\"wp-block-file\"><a id=\"wp-block-file--media-160bc935-bb89-44b3-ba17-1ea1c640e052\" href=\"https:\/\/www.bottenvikensskargard.se\/wp-content\/uploads\/2025\/06\/Tour-boats-and-places-to-stay-in-the-islands_2025.pdf\" target=\"_blank\" rel=\"noreferrer noopener\">The Bothnian Bay \u2013 catch a boat out to the islands<br><em>Tour boats and places to stay on the islands, summer 2025 (12 pages)<\/em><\/a><\/div>\n\n\n\n<div class=\"wp-block-file\"><a id=\"wp-block-file--media-f357cbf6-ac43-45b4-99b7-bb37d735bb83\" href=\"https:\/\/www.bottenvikensskargard.se\/wp-content\/uploads\/2025\/12\/Upplev-vintern-i-Bottenvikens-skargard-2026-web.pdf\" target=\"_blank\" rel=\"noreferrer noopener\">Experience winter in the Bothnian Bay<br><em>Description of infrastructure for skiing, skating, winter swimming in the archipelago (22 pages)<\/em><\/a><\/div>\n\n\n\n<h2 class=\"wp-block-heading\">Project reports<\/h2>\n\n\n\n<div class=\"wp-block-file\"><a id=\"wp-block-file--media-7108674c-38e8-4518-aeaf-d24143676fcb\" href=\"https:\/\/www.bottenvikensskargard.se\/wp-content\/uploads\/2025\/04\/Handbok-Upptack-sportfisket-i-BVS.pdf\" target=\"_blank\" rel=\"noreferrer noopener\">Handbook for a successful fishing course<br><em>Contains tips and checklists of what might be good to consider when arranging a fishing course. The handbook has been produced as part of the project Discovering sport fishing in the Bothnian Bay.<\/em> (34 pages) (in Swedish)<\/a><\/div>\n\n\n\n<div class=\"wp-block-file\"><a id=\"wp-block-file--media-a38a0741-b47d-4f8b-ba0e-d233936f921c\" href=\"https:\/\/www.bottenvikensskargard.se\/wp-content\/uploads\/2022\/12\/WEBB-Slutrapport-Forstudie-infor-framtida-utveckling-BVS-2022.pdf\" target=\"_blank\" rel=\"noreferrer noopener\">Preliminary study for future development in the Bothnian coast and archipelago<br><em>Final report for project Preliminary study for future development in the Bothnian coast and archipelago (42 pages)<\/em><\/a><\/div>\n\n\n\n<div class=\"wp-block-file\"><a id=\"wp-block-file--media-001258b2-31ff-4b5a-b994-5619dbcff420\" href=\"https:\/\/www.bottenvikensskargard.se\/wp-content\/uploads\/2021\/11\/Fossilfriare-skargard-BVS-final.pdf\" target=\"_blank\" rel=\"noreferrer noopener\">Fossil-free archipelago - a pilot study on ways to fossil-free boat trips in the coast and archipelago of Bothnian Bay<br><em>Contains descriptions of environmental impact from boating, fossil-free alternatives and calculation of costs and reduced emissions when converting to electric tour boat traffic (40 pages) (in Swedish with English summary)<\/em><\/a><\/div>\n\n\n\n<div class=\"wp-block-file\"><a id=\"wp-block-file--media-b4370d6e-333d-4713-8e8c-f78803bf5cd3\" href=\"https:\/\/www.bottenvikensskargard.se\/wp-content\/uploads\/2021\/05\/200513-Slutrapport-Basskyltning-inkl-bilagor-tillganglig-med-dnr.pdf\" target=\"_blank\" rel=\"noreferrer noopener\">Information signs in the Bothnian Bay archipelago<br><em>Final report for project Basic information signage in the Bothnian Bay archipelago 2017-2020 (27 pages) (in Swedish)<\/em><\/a><\/div>\n\n\n\n<div class=\"wp-block-file\"><a id=\"wp-block-file--media-eb78b6cd-b153-40e7-b695-8873d309f932\" href=\"https:\/\/www.bottenvikensskargard.se\/wp-content\/uploads\/2021\/05\/Slutrapport-Besoksmalsutveckling-Bottenvikens-skargard.pdf\" target=\"_blank\" rel=\"noreferrer noopener\">Developing destinations in the Bothnian Bay archipelago<br><em>Final report for project Destination development in the Bothnian Bay archipelago 2018-2020 (29 pages) (in Swedish)<\/em><\/a><\/div>\n\n\n\n<h2 class=\"wp-block-heading\">Annual reports<\/h2>\n\n\n\n<div class=\"wp-block-file\"><a id=\"wp-block-file--media-2ee62b00-bd09-49b6-9824-e4b97e64c5ea\" href=\"https:\/\/www.bottenvikensskargard.se\/wp-content\/uploads\/2025\/12\/SE-Kortversion-Verksamhetsberattelse-2025-BVS.pdf\" target=\"_blank\" rel=\"noreferrer noopener\">Joint archipelago development 2025 (Swedish)<br><em>Description of the five municipalities&#039; work in the coast and archipelago in 2025 (2 pages)<\/em><\/a><\/div>\n\n\n\n<div class=\"wp-block-file\"><a id=\"wp-block-file--media-0ad65f5b-3eb0-42d0-af9b-cc43406505c2\" href=\"https:\/\/www.bottenvikensskargard.se\/wp-content\/uploads\/2025\/12\/ENG-Kortversion-Verksamhetsberattelse-2025-BVS.pdf\" target=\"_blank\" rel=\"noreferrer noopener\">Joint coastal development 2025 (English)<br><em>Description of what&#039;s been done in the coast and archipelago by the five municipalities in 2025 (2 pages)<\/em><\/a><\/div>\n\n\n\n<div class=\"wp-block-file\"><a id=\"wp-block-file--media-27357cd3-e8cd-472b-add1-1ed80d2452b0\" href=\"https:\/\/www.bottenvikensskargard.se\/wp-content\/uploads\/2025\/01\/SE-Kortversion-Verksamhetsberattelse-2024-BVS.pdf\" target=\"_blank\" rel=\"noreferrer noopener\">Joint archipelago development 2024 (Swedish)<br><em>Description of the five municipalities&#039; work in the coast and archipelago in 2024 (2 pages)<\/em><\/a><\/div>\n\n\n\n<div class=\"wp-block-file\"><a id=\"wp-block-file--media-8720e374-5af7-4d2f-ab2b-278630b63517\" href=\"https:\/\/www.bottenvikensskargard.se\/wp-content\/uploads\/2025\/01\/ENG-Kortversion-Verksamhetsberattelse-2024-BVS.pdf\">Joint coastal development 2024 (English)<br><em>Description of what&#039;s been done in the coast and archipelago by the five municipalities in 2024 (2 pages)<\/em><\/a><\/div>\n\n\n\n<div class=\"wp-block-file\"><a id=\"wp-block-file--media-dc0892ed-aaaa-43de-9f31-a37db174f5d2\" href=\"https:\/\/www.bottenvikensskargard.se\/wp-content\/uploads\/2024\/01\/SVE-Kortversion-Verksamhetsberattelse-2023-BVS-webb.pdf\">Joint archipelago development 2023 (Swedish)<br><em>Description of the five municipalities&#039; work in the coast and archipelago during 2023 (2 pages)<\/em><\/a><\/div>\n\n\n\n<div class=\"wp-block-file\"><a id=\"wp-block-file--media-c2910591-5f74-4cc2-a047-63fdf0ec83ef\" href=\"https:\/\/www.bottenvikensskargard.se\/wp-content\/uploads\/2024\/01\/ENG-Kortversion-Verksamhetsberattelse-2023-BVS-webb.pdf\">Joint coastal development 2023 (English)<br><em>Description of what&#039;s been done in the coast and archipelago by the five municipalities in 2023 (2 pages)<\/em><\/a><\/div>\n\n\n\n<div class=\"wp-block-file\"><a id=\"wp-block-file--media-c5982860-1ad6-4432-812b-c287eae69f9a\" href=\"https:\/\/www.bottenvikensskargard.se\/wp-content\/uploads\/2023\/02\/Kortversion-Verksamhetsberattelse-2022-BVS.pdf\" target=\"_blank\" rel=\"noreferrer noopener\">Joint archipelago development 2022 (Swedish)<br><em>Description of the five municipalities&#039; work in the coast and archipelago during 2022 (2 pages)<\/em><\/a><\/div>\n\n\n\n<div class=\"wp-block-file\"><a id=\"wp-block-file--media-c37bccdf-cfeb-4fc2-a176-204453095925\" href=\"https:\/\/www.bottenvikensskargard.se\/wp-content\/uploads\/2023\/02\/ENG-Kortversion-Verksamhetsberattelse-2022-BVS.pdf\">Joint coastal development 2022 (English)<br>Description of what&#039;s been done in the coast and archipelago by the five municipalities <em>2022 (2 pages)<\/em><\/a><\/div>\n\n\n\n<div class=\"wp-block-file\"><a id=\"wp-block-file--media-0385e89f-517c-472a-9689-7b1714b8127b\" href=\"https:\/\/www.bottenvikensskargard.se\/wp-content\/uploads\/2022\/01\/Kortversion-Verksamhetsberattelse-2021-Bottenvikens-skargard.pdf\">Joint archipelago development 2021 (Swedish)<br><em>Description of the five municipalities&#039; work in the coast and archipelago during 2021 (2 pages)<\/em><\/a><\/div>\n\n\n\n<div class=\"wp-block-file\"><a id=\"wp-block-file--media-3b96507e-cb60-4dcf-b659-a479d3e5f3f4\" href=\"https:\/\/www.bottenvikensskargard.se\/wp-content\/uploads\/2022\/01\/ENG-Kortversion-Verksamhetsberattelse-2021-Bottenvikens-skargard.pdf\">Joint coastal development 2021 (English)<br><em>Description of what&#039;s been done in the coast and archipelago by the five municipalities 2021 (2 pages)<\/em><\/a><\/div>\n\n\n\n<div class=\"wp-block-file\"><a id=\"wp-block-file--media-7be935e0-cfad-48f0-a81c-d38e928bdb1a\" href=\"https:\/\/www.bottenvikensskargard.se\/wp-content\/uploads\/2021\/01\/Kortversion-Verksamhetsberattelse-2020-Bottenvikens-skargard.pdf\" target=\"_blank\" rel=\"noreferrer noopener\">Joint archipelago development 2020 (Swedish9<br><em>Description of the five municipalities&#039; work in the coast and archipelago during 2020 (2 pages)<\/em> <\/a><\/div>\n\n\n\n<div class=\"wp-block-file\"><a id=\"wp-block-file--media-bfa7938b-25ea-4e00-a836-a92fb1949857\" href=\"https:\/\/www.bottenvikensskargard.se\/wp-content\/uploads\/2020\/12\/Kortversion-verksamhetsberattelse-2019-tillganglighetsanpassad.pdf\" target=\"_blank\" rel=\"noreferrer noopener\">Joint archipelago development 2019 (Swedish)<br><em>Description of the five municipalities&#039; work in the coast and archipelago during 2019 (2 pages)<\/em> <\/a><\/div>\n\n\n\n<h2 class=\"wp-block-heading\">Previous strategy document<\/h2>\n\n\n\n<div class=\"wp-block-file\"><a id=\"wp-block-file--media-8be569ac-770c-4b8a-919a-f041538dde39\" href=\"https:\/\/www.bottenvikensskargard.se\/wp-content\/uploads\/2021\/01\/Bottenvikens-skargards-strategi-20160204-skarmvisning.pdf\" target=\"_blank\" rel=\"noreferrer noopener\">The Bothnian Bay archipelago - part of Swedish Lapland <br><em>Strategy for the period 2014-2020 (40 pages) (in Swedish)<\/em><\/a><\/div>\n\n\n\n<div class=\"wp-block-file\"><a id=\"wp-block-file--media-3cd6b6c6-7d03-4a28-bb25-1d5354df9f7d\" href=\"https:\/\/www.bottenvikensskargard.se\/wp-content\/uploads\/2021\/01\/Strategi_Bottenvikens_skargard.pdf\" target=\"_blank\" rel=\"noreferrer noopener\">The Bothnian Bay archipelago - part of Swedish Lapland<br><em>A strategy for the years 2008-2013 (28 pages) (in Swedish) <\/em><\/a><\/div>","protected":false},"excerpt":{"rendered":"<p>What is the Bothnian archipelago municipal cooperation? What has been done and what has been achieved? Our strategy Guides out to the archipelago Guides in english \u2013 Discover the Bothnian Bay Project reports Annual reports Previous strategy documents<\/p>","protected":false},"author":3,"featured_media":103,"parent":0,"menu_order":0,"comment_status":"closed","ping_status":"closed","template":"","meta":{"footnotes":""},"acf":[],"_links":{"self":[{"href":"https:\/\/www.bottenvikensskargard.se\/en\/wp-json\/wp\/v2\/pages\/291"}],"collection":[{"href":"https:\/\/www.bottenvikensskargard.se\/en\/wp-json\/wp\/v2\/pages"}],"about":[{"href":"https:\/\/www.bottenvikensskargard.se\/en\/wp-json\/wp\/v2\/types\/page"}],"author":[{"embeddable":true,"href":"https:\/\/www.bottenvikensskargard.se\/en\/wp-json\/wp\/v2\/users\/3"}],"replies":[{"embeddable":true,"href":"https:\/\/www.bottenvikensskargard.se\/en\/wp-json\/wp\/v2\/comments?post=291"}],"version-history":[{"count":115,"href":"https:\/\/www.bottenvikensskargard.se\/en\/wp-json\/wp\/v2\/pages\/291\/revisions"}],"predecessor-version":[{"id":1304,"href":"https:\/\/www.bottenvikensskargard.se\/en\/wp-json\/wp\/v2\/pages\/291\/revisions\/1304"}],"wp:featuredmedia":[{"embeddable":true,"href":"https:\/\/www.bottenvikensskargard.se\/en\/wp-json\/wp\/v2\/media\/103"}],"wp:attachment":[{"href":"https:\/\/www.bottenvikensskargard.se\/en\/wp-json\/wp\/v2\/media?parent=291"}],"curies":[{"name":"wp","href":"https:\/\/api.w.org\/{rel}","templated":true}]}}